{"id":101,"date":"2014-02-13T15:00:37","date_gmt":"2014-02-13T14:00:37","guid":{"rendered":"https:\/\/texelchalet164.nl\/?page_id=101"},"modified":"2025-11-15T11:50:44","modified_gmt":"2025-11-15T10:50:44","slug":"chalet","status":"publish","type":"page","link":"https:\/\/texelchalet164.nl\/?page_id=101","title":{"rendered":"Het Chalet"},"content":{"rendered":"\n<p><\/p>\n\n\n\n<div class=\"wp-block-media-text alignwide is-stacked-on-mobile is-vertically-aligned-top\"><figure class=\"wp-block-media-text__media\"><img loading=\"lazy\" decoding=\"async\" width=\"767\" height=\"768\" src=\"https:\/\/texelchalet164.nl\/wp-content\/uploads\/2019\/12\/chalet.jpg\" alt=\"\" class=\"wp-image-316 size-full\" srcset=\"https:\/\/texelchalet164.nl\/wp-content\/uploads\/2019\/12\/chalet.jpg 767w, https:\/\/texelchalet164.nl\/wp-content\/uploads\/2019\/12\/chalet-300x300.jpg 300w, https:\/\/texelchalet164.nl\/wp-content\/uploads\/2019\/12\/chalet-150x150.jpg 150w\" sizes=\"(max-width: 767px) 100vw, 767px\" \/><\/figure><div class=\"wp-block-media-text__content\">\n<h1 class=\"wp-block-heading\">Het Chalet<\/h1>\n\n\n\n<p>Texel Chalet 164 is een ruim, volledig ge\u00efsoleerd en compleet uitgerust 5-persoons chalet op Texel. Het is&nbsp;mooi centraal gelegen op \u00e9\u00e9n van de mooiste plekjes van het 5-sterren recreatiepark&nbsp;De Krim nabij De Cocksdorp.<\/p>\n\n\n\n<p>Het chalet is modern en sfeervol ingericht, en rook- en huisdiervrij. U komt dan ook\u00a0in een heerlijk fris chalet!<br>Het is uitgerust met oa Centrale Verwarming (<em>geen kachels!<\/em>),\u00a0Vaatwasser, Wasmachine, Combi Magnetron, Smart TV, BluRay\/DVD-speler, Radio\/CD-speler, Senseo, Waterkoker, Koffiezet apparaat, Tosti apparaat, 2 Fietsen.<\/p>\n\n\n\n<p>Het chalet is geschikt voor jong en oud.&nbsp;Het chalet is&nbsp;zeer kindvriendelijk. Er&nbsp;zijn ruim voldoende speelgoed en spelletjes aanwezig. Ook is er een&nbsp;kinderopstapkrukje voor de WC\/wastafel aanwezig. Daarnaast&nbsp;zijn er&nbsp;bedbeveiligers en een&nbsp;kinderstoeltje (met tafeltje)&nbsp;beschikbaar.<\/p>\n\n\n\n<h4 class=\"wp-block-heading\">Wat is er aanwezig?<\/h4>\n\n\n\n<ul>\n<li>een ruime woonkamer, gezellig en modern ingericht<\/li>\n\n\n\n<li>een open\u00a0keuken,\u00a0voorzien van alle gemakken en apparatuur (vaatwasser, koel\/vries, combi magnetron)<\/li>\n\n\n\n<li>een ouderslaapkamer\u00a0met een ruim 2-persoonsbed, nieuw matras en Auping bedbodems (<em>160x200cm<\/em>)<\/li>\n\n\n\n<li>een\u00a0gezellige kinderslaapkamer met\u00a0stapelbed <br>(<em>bedbeveiligers<\/em>) en\u00a0een gewoon bed (<em>alle 80x200cm<\/em>)<\/li>\n\n\n\n<li>een ruime badkamer met douche, toilet en wastafel<\/li>\n\n\n\n<li>een groot tuinhok, met oa de wasmachine en speelgoed voor buiten\/strand<\/li>\n\n\n\n<li>gratis te gebruiken 2 stevige en degelijke (ex-verhuur) fietsen: 7 versnellingen, een dames- en herenmodel<\/li>\n\n\n\n<li>een zeer ruim terras met grote&nbsp;tuin, heerlijk prive gelegen&nbsp;op het zonnige zuiden (aan&nbsp;duinrand)<\/li>\n\n\n\n<li>een extra eigen opgang via de Lage Duinen van het park, zodat je sneller bij het centrum bent<\/li>\n\n\n\n<li>een tuinset met ronde tafel, 5 verstelbare stevige stoelen, zitkussens en grote parasol<\/li>\n\n\n\n<li>eigen parkeerplaats direct naast het chalet<\/li>\n\n\n\n<li>gratis WiFi (internet), Smart TV met Foxsports en alle opties zoals Netflix<\/li>\n\n\n\n<li>verduisteringsgordijnen \u00e8n muggenhorren op de slaapkamers<\/li>\n\n\n\n<li>tevens muggenhorren in de ramen van de woonkamer <\/li>\n\n\n\n<li> grote veilige opstap voor beide deuren (voor de hele jonge \u00e8n oudere gasten)<\/li>\n\n\n\n<li>u heeft gratis toegang tot het subtropisch zwembad en&nbsp;het in- en outdoor speelpark<\/li>\n\n\n\n<li>tevens kunt u gratis gebruik maken van de Fitness faciliteiten<br><\/li>\n<\/ul>\n\n\n\n<p><\/p>\n\n\n\n<p>Al met al dus een heerlijke en rustige plek om uw vakantie in door te brengen!!!<\/p>\n<\/div><\/div>\n\n\n\n<p><\/p>\n","protected":false},"excerpt":{"rendered":" <a class=\"more-link\" href=\"https:\/\/texelchalet164.nl\/?page_id=101\"><span class=\"more-msg\">Lees verder &rarr;<\/span><\/a>","protected":false},"author":3,"featured_media":0,"parent":0,"menu_order":20,"comment_status":"closed","ping_status":"closed","template":"","meta":{"footnotes":""},"_links":{"self":[{"href":"https:\/\/texelchalet164.nl\/index.php?rest_route=\/wp\/v2\/pages\/101"}],"collection":[{"href":"https:\/\/texelchalet164.nl\/index.php?rest_route=\/wp\/v2\/pages"}],"about":[{"href":"https:\/\/texelchalet164.nl\/index.php?rest_route=\/wp\/v2\/types\/page"}],"author":[{"embeddable":true,"href":"https:\/\/texelchalet164.nl\/index.php?rest_route=\/wp\/v2\/users\/3"}],"replies":[{"embeddable":true,"href":"https:\/\/texelchalet164.nl\/index.php?rest_route=%2Fwp%2Fv2%2Fcomments&post=101"}],"version-history":[{"count":41,"href":"https:\/\/texelchalet164.nl\/index.php?rest_route=\/wp\/v2\/pages\/101\/revisions"}],"predecessor-version":[{"id":450,"href":"https:\/\/texelchalet164.nl\/index.php?rest_route=\/wp\/v2\/pages\/101\/revisions\/450"}],"wp:attachment":[{"href":"https:\/\/texelchalet164.nl\/index.php?rest_route=%2Fwp%2Fv2%2Fmedia&parent=101"}],"curies":[{"name":"wp","href":"https:\/\/api.w.org\/{rel}","templated":true}]}}